{"id":18,"date":"2023-03-28T11:08:56","date_gmt":"2023-03-28T11:08:56","guid":{"rendered":"http:\/\/www.ittjejer.se\/?page_id=18"},"modified":"2023-05-08T12:28:22","modified_gmt":"2023-05-08T12:28:22","slug":"hem","status":"publish","type":"page","link":"https:\/\/www.ittjejer.se\/","title":{"rendered":"Hem"},"content":{"rendered":"\n<p>Dator och Kommunikationsteknik<\/p>\n\n\n\n<div class=\"wp-block-columns is-layout-flex wp-container-5\">\n<div class=\"wp-block-column is-layout-flow\" style=\"flex-basis:33.33%\">\n<figure class=\"wp-block-gallery has-nested-images columns-default is-cropped wp-block-gallery-1 is-layout-flex\">\n<figure class=\"wp-block-image\"><img alt=\"\"\/><\/figure>\n<\/figure>\n<\/div>\n\n\n\n<div class=\"wp-block-column is-layout-flow\" style=\"flex-basis:66.66%\">\n<p class=\"has-background\" style=\"background-color:#e5e5e5\">Tycker du om att l\u00f6sa problem? \u00c4r du en som tycker om att arbeta med h\u00e4nderna? Gillar du b\u00e5de tekniska och praktiska utmaningar? D\u00e5 kan El- och energiprogrammet vara n\u00e5got just f\u00f6r dig. Med v\u00e5r utbildning s\u00e5 kan du arbeta med allt fr\u00e5n datorer till k\u00e4rnkraft och du f\u00e5r jobb direkt efter gymnasiet.<\/p>\n<\/div>\n<\/div>\n","protected":false},"excerpt":{"rendered":"<p>Dator och Kommunikationsteknik Tycker du om att l\u00f6sa problem? \u00c4r du en som tycker om att arbeta med h\u00e4nderna? Gillar du b\u00e5de tekniska och praktiska utmaningar? D\u00e5 kan El- och energiprogrammet vara n\u00e5got just f\u00f6r dig. Med v\u00e5r utbildning s\u00e5 kan du arbeta med allt fr\u00e5n datorer till k\u00e4rnkraft och du f\u00e5r jobb direkt efter &hellip;<\/p>\n<p class=\"read-more\"> <a class=\"\" href=\"https:\/\/www.ittjejer.se\/\"> <span class=\"screen-reader-text\">Hem<\/span> Read More &raquo;<\/a><\/p>\n","protected":false},"author":4,"featured_media":0,"parent":0,"menu_order":0,"comment_status":"closed","ping_status":"closed","template":"templates\/home-template.php","meta":{"site-sidebar-layout":"default","site-content-layout":"default","ast-global-header-display":"","ast-main-header-display":"","ast-hfb-above-header-display":"","ast-hfb-below-header-display":"","ast-hfb-mobile-header-display":"","site-post-title":"disabled","ast-breadcrumbs-content":"","ast-featured-img":"","footer-sml-layout":"","theme-transparent-header-meta":"","adv-header-id-meta":"","stick-header-meta":"","header-above-stick-meta":"","header-main-stick-meta":"","header-below-stick-meta":""},"_links":{"self":[{"href":"https:\/\/www.ittjejer.se\/index.php?rest_route=\/wp\/v2\/pages\/18"}],"collection":[{"href":"https:\/\/www.ittjejer.se\/index.php?rest_route=\/wp\/v2\/pages"}],"about":[{"href":"https:\/\/www.ittjejer.se\/index.php?rest_route=\/wp\/v2\/types\/page"}],"author":[{"embeddable":true,"href":"https:\/\/www.ittjejer.se\/index.php?rest_route=\/wp\/v2\/users\/4"}],"replies":[{"embeddable":true,"href":"https:\/\/www.ittjejer.se\/index.php?rest_route=%2Fwp%2Fv2%2Fcomments&post=18"}],"version-history":[{"count":7,"href":"https:\/\/www.ittjejer.se\/index.php?rest_route=\/wp\/v2\/pages\/18\/revisions"}],"predecessor-version":[{"id":72,"href":"https:\/\/www.ittjejer.se\/index.php?rest_route=\/wp\/v2\/pages\/18\/revisions\/72"}],"wp:attachment":[{"href":"https:\/\/www.ittjejer.se\/index.php?rest_route=%2Fwp%2Fv2%2Fmedia&parent=18"}],"curies":[{"name":"wp","href":"https:\/\/api.w.org\/{rel}","templated":true}]}}